{"id":1260,"date":"2023-04-16T08:14:28","date_gmt":"2023-04-16T08:14:28","guid":{"rendered":"https:\/\/www.kitesurf.be\/?page_id=1260"},"modified":"2025-06-27T11:07:32","modified_gmt":"2025-06-27T11:07:32","slug":"conditions-de-vente","status":"publish","type":"page","link":"https:\/\/www.kitesurf.be\/fr\/conditions-de-vente\/","title":{"rendered":"Surf and Fly &#8211; Conditions de vente"},"content":{"rendered":"<p>[et_pb_section fb_built=\u00a0\u00bb1&Prime; admin_label=\u00a0\u00bbHeader\u00a0\u00bb _builder_version=\u00a0\u00bb4.20.0&Prime; _module_preset=\u00a0\u00bbdefault\u00a0\u00bb background_image=\u00a0\u00bbhttps:\/\/www.kitesurf.be\/wp-content\/uploads\/2023\/03\/1.jpg\u00a0\u00bb width=\u00a0\u00bb100%\u00a0\u00bb custom_padding=\u00a0\u00bb0vw||0px|0px|false|false\u00a0\u00bb bottom_divider_style=\u00a0\u00bbslant\u00a0\u00bb bottom_divider_color=\u00a0\u00bbrgba(0,0,0,0.24)\u00a0\u00bb bottom_divider_height=\u00a0\u00bb90%\u00a0\u00bb locked=\u00a0\u00bboff\u00a0\u00bb global_colors_info=\u00a0\u00bb{}\u00a0\u00bb][et_pb_row column_structure=\u00a0\u00bb1_4,3_4&Prime; use_custom_gutter=\u00a0\u00bbon\u00a0\u00bb gutter_width=\u00a0\u00bb1&Prime; _builder_version=\u00a0\u00bb4.20.0&Prime; _module_preset=\u00a0\u00bbdefault\u00a0\u00bb z_index=\u00a0\u00bb10&Prime; width=\u00a0\u00bb100%\u00a0\u00bb max_width=\u00a0\u00bb100%\u00a0\u00bb height=\u00a0\u00bb80%\u00a0\u00bb custom_margin=\u00a0\u00bb0px|0px|0px|0px|false|false\u00a0\u00bb custom_padding=\u00a0\u00bb0px|0px|0px|0px|false|false\u00a0\u00bb global_colors_info=\u00a0\u00bb{}\u00a0\u00bb][et_pb_column type=\u00a0\u00bb1_4&Prime; _builder_version=\u00a0\u00bb4.20.0&Prime; _module_preset=\u00a0\u00bbdefault\u00a0\u00bb custom_padding=\u00a0\u00bb|||0px|false|false\u00a0\u00bb global_colors_info=\u00a0\u00bb{}\u00a0\u00bb][et_pb_image src=\u00a0\u00bbhttps:\/\/www.kitesurf.be\/wp-content\/uploads\/2023\/03\/Logo_surf.png\u00a0\u00bb title_text=\u00a0\u00bbSurf and fly\u00a0\u00bb show_bottom_space_tablet=\u00a0\u00bb\u00a0\u00bb show_bottom_space_phone=\u00a0\u00bb\u00a0\u00bb show_bottom_space_last_edited=\u00a0\u00bbon|phone\u00a0\u00bb align_tablet=\u00a0\u00bbcenter\u00a0\u00bb align_phone=\u00a0\u00bb\u00a0\u00bb align_last_edited=\u00a0\u00bbon|phone\u00a0\u00bb _builder_version=\u00a0\u00bb4.20.0&Prime; _module_preset=\u00a0\u00bbdefault\u00a0\u00bb width=\u00a0\u00bb131%\u00a0\u00bb width_tablet=\u00a0\u00bb36.4%\u00a0\u00bb width_phone=\u00a0\u00bb36.4%\u00a0\u00bb width_last_edited=\u00a0\u00bbon|tablet\u00a0\u00bb module_alignment=\u00a0\u00bbcenter\u00a0\u00bb min_height=\u00a0\u00bb132px\u00a0\u00bb custom_margin=\u00a0\u00bb||||false|false\u00a0\u00bb custom_margin_tablet=\u00a0\u00bb||0px|0px|false|false\u00a0\u00bb custom_margin_phone=\u00a0\u00bb|auto||auto|false|false\u00a0\u00bb custom_margin_last_edited=\u00a0\u00bbon|phone\u00a0\u00bb custom_padding=\u00a0\u00bb27px|||251px|false|false\u00a0\u00bb custom_padding_tablet=\u00a0\u00bb65px|0px||0px|false|false\u00a0\u00bb custom_padding_phone=\u00a0\u00bb|0px|25px|0px|false|false\u00a0\u00bb custom_padding_last_edited=\u00a0\u00bbon|phone\u00a0\u00bb global_colors_info=\u00a0\u00bb{}\u00a0\u00bb][\/et_pb_image][\/et_pb_column][et_pb_column type=\u00a0\u00bb3_4&Prime; _builder_version=\u00a0\u00bb4.20.0&Prime; _module_preset=\u00a0\u00bbdefault\u00a0\u00bb custom_padding=\u00a0\u00bb0px|0px|0px|0px|false|false\u00a0\u00bb custom_padding_tablet=\u00a0\u00bb0px|0px|0px|0px|false|false\u00a0\u00bb custom_padding_phone=\u00a0\u00bb0px|0px|0px|0px|false|false\u00a0\u00bb custom_padding_last_edited=\u00a0\u00bbon|tablet\u00a0\u00bb global_colors_info=\u00a0\u00bb{}\u00a0\u00bb][et_pb_text content_tablet=\u00a0\u00bb\u00a0\u00bb content_phone=\u00a0\u00bb\u00a0\u00bb content_last_edited=\u00a0\u00bbon|phone\u00a0\u00bb admin_label=\u00a0\u00bbTekst\u00a0\u00bb _builder_version=\u00a0\u00bb4.20.0&Prime; _module_preset=\u00a0\u00bbdefault\u00a0\u00bb header_font=\u00a0\u00bbMontserrat|900|on|on|||||\u00a0\u00bb header_text_align=\u00a0\u00bbleft\u00a0\u00bb header_font_size=\u00a0\u00bb6vw\u00a0\u00bb header_line_height=\u00a0\u00bb1.1em\u00a0\u00bb width_tablet=\u00a0\u00bb100%\u00a0\u00bb width_phone=\u00a0\u00bb100%\u00a0\u00bb width_last_edited=\u00a0\u00bbon|phone\u00a0\u00bb custom_margin=\u00a0\u00bb|||-91px|false|false\u00a0\u00bb custom_margin_tablet=\u00a0\u00bb0px|0px|0px|0px|false|false\u00a0\u00bb custom_margin_phone=\u00a0\u00bb|0px|0px|0px|false|false\u00a0\u00bb custom_margin_last_edited=\u00a0\u00bbon|phone\u00a0\u00bb custom_padding=\u00a0\u00bb7%|||256px|false|false\u00a0\u00bb custom_padding_tablet=\u00a0\u00bb33px|0px|33px|0px|false|false\u00a0\u00bb custom_padding_phone=\u00a0\u00bb0px||0px|0px|false|false\u00a0\u00bb custom_padding_last_edited=\u00a0\u00bbon|phone\u00a0\u00bb header_text_align_tablet=\u00a0\u00bb\u00a0\u00bb header_text_align_phone=\u00a0\u00bbleft\u00a0\u00bb header_text_align_last_edited=\u00a0\u00bbon|phone\u00a0\u00bb header_font_size_tablet=\u00a0\u00bb80px\u00a0\u00bb header_font_size_phone=\u00a0\u00bb40px\u00a0\u00bb header_font_size_last_edited=\u00a0\u00bbon|phone\u00a0\u00bb text_orientation_tablet=\u00a0\u00bb\u00a0\u00bb text_orientation_phone=\u00a0\u00bbcenter\u00a0\u00bb text_orientation_last_edited=\u00a0\u00bbon|phone\u00a0\u00bb header_text_shadow_style=\u00a0\u00bbpreset5&Prime; header_text_shadow_color=\u00a0\u00bbrgba(0,0,0,0.3)\u00a0\u00bb global_colors_info=\u00a0\u00bb{}\u00a0\u00bb]<\/p>\n<h1 style=\"text-align: left;\"><span style=\"color: #ffffff;\"><span style=\"caret-color: #ffffff;\">CONDITIONS<br \/>DE VENTE<\/span><\/span><br \/><span style=\"color: #ffffff;\"><span style=\"caret-color: #ffffff;\"><\/span><\/span><\/h1>\n<p><span style=\"color: #ffffff;\"><span style=\"caret-color: #ffffff;\"><\/span><\/span><\/p>\n<p>[\/et_pb_text][\/et_pb_column][\/et_pb_row][et_pb_row _builder_version=\u00a0\u00bb4.16&Prime; _module_preset=\u00a0\u00bbdefault\u00a0\u00bb width=\u00a0\u00bb100%\u00a0\u00bb max_width=\u00a0\u00bbnone\u00a0\u00bb custom_padding=\u00a0\u00bb||0px|||\u00a0\u00bb global_colors_info=\u00a0\u00bb{}\u00a0\u00bb][et_pb_column type=\u00a0\u00bb4_4&Prime; _builder_version=\u00a0\u00bb4.16&Prime; _module_preset=\u00a0\u00bbdefault\u00a0\u00bb global_colors_info=\u00a0\u00bb{}\u00a0\u00bb][et_pb_image src=\u00a0\u00bbhttps:\/\/www.kitesurf.be\/wp-content\/uploads\/2023\/03\/Golf-beneden_V2.png\u00a0\u00bb title_text=\u00a0\u00bbBalk boven\u00a0\u00bb _builder_version=\u00a0\u00bb4.20.0&Prime; _module_preset=\u00a0\u00bbdefault\u00a0\u00bb custom_margin=\u00a0\u00bb0px||||false|false\u00a0\u00bb global_colors_info=\u00a0\u00bb{}\u00a0\u00bb][\/et_pb_image][\/et_pb_column][\/et_pb_row][\/et_pb_section][et_pb_section fb_built=\u00a0\u00bb1&Prime; admin_label=\u00a0\u00bbTeachers\u00a0\u00bb _builder_version=\u00a0\u00bb4.20.0&Prime; _module_preset=\u00a0\u00bbdefault\u00a0\u00bb background_image=\u00a0\u00bbhttps:\/\/www.kitesurf.be\/wp-content\/uploads\/2023\/03\/virtual-exercise_30.png\u00a0\u00bb background_size=\u00a0\u00bbcontain\u00a0\u00bb background_position=\u00a0\u00bbtop_center\u00a0\u00bb custom_margin=\u00a0\u00bb4px|||||\u00a0\u00bb custom_padding=\u00a0\u00bb13px|||||\u00a0\u00bb global_colors_info=\u00a0\u00bb{}\u00a0\u00bb][et_pb_row _builder_version=\u00a0\u00bb4.20.4&Prime; _module_preset=\u00a0\u00bbdefault\u00a0\u00bb global_colors_info=\u00a0\u00bb{}\u00a0\u00bb][et_pb_column type=\u00a0\u00bb4_4&Prime; _builder_version=\u00a0\u00bb4.20.0&Prime; _module_preset=\u00a0\u00bbdefault\u00a0\u00bb custom_padding=\u00a0\u00bb0px||||false|false\u00a0\u00bb custom_padding_tablet=\u00a0\u00bb0px||||false|false\u00a0\u00bb custom_padding_phone=\u00a0\u00bb\u00a0\u00bb custom_padding_last_edited=\u00a0\u00bbon|phone\u00a0\u00bb global_colors_info=\u00a0\u00bb{}\u00a0\u00bb][et_pb_text _builder_version=\u00a0\u00bb4.20.0&Prime; _module_preset=\u00a0\u00bbdefault\u00a0\u00bb text_line_height=\u00a0\u00bb2em\u00a0\u00bb custom_padding=\u00a0\u00bb0px||||false|false\u00a0\u00bb locked=\u00a0\u00bboff\u00a0\u00bb global_colors_info=\u00a0\u00bb{}\u00a0\u00bb]<\/p>\n<p><strong>En vous inscrivant aux stages et initiations kitesurf, powerkite, buggy-kite, mountainboard, snowkite vous reconnaissez avoir pris connaissance des pr\u00e9sentes conditions et les accepter.<\/strong><\/p>\n<p><strong>Le stage fait l\u2019objet d\u2019un contrat entre d\u2019une part le participant au stage d\u2019apprentissage de kite (kite-buggy, kitesurf, kite-mountainboard, snowkite) et d\u2019autre part SURF TRAVEL AND FLY VZW, l\u2019organisateur.<\/strong><\/p>\n<h4><\/h4>\n<h4><strong>INTRODUCTION<\/strong><\/h4>\n<p>Les stages se d\u00e9roulent par groupe de 2 \u00e9l\u00e8ves maximum par moniteur (except\u00e9 les 1er modules, six personnes maximum) avec tous les moyens de s\u00e9curit\u00e9 appropri\u00e9s.<\/p>\n<p>L\u2019\u00e9cole est bas\u00e9e au RBSC Duinbergen \u00e0 Knokke-Heist. Les cours se d\u00e9roulent principalement sur la plage devant le club.<\/p>\n<p>Cependant, selon les conditions m\u00e9t\u00e9o, les cours pourront avoir lieu sur d\u2019autres spots.<\/p>\n<p>&nbsp;<\/p>\n<h4><strong>OBJECTIFS DE L\u2019ECOLE<\/strong><\/h4>\n<p>L\u2019objectif de la formation est d\u2019apprendre les gestes et connaissances en kite afin de continuer la progression de fa\u00e7on autonome. Par autonome, nous entendons la capacit\u00e9 \u00e0 \u00e9valuer les risques et \u00e0 prendre seuls les d\u00e9cisions appropri\u00e9es.<\/p>\n<p>Chaque client re\u00e7oit une formation en vue d\u2019une pratique personnelle, autonome, responsable et s\u00e9curis\u00e9e tant pour le client que pour les autres pratiquants.<\/p>\n<h4><\/h4>\n<h4><strong>INSCRIPTIONS<\/strong><\/h4>\n<p>Toute r\u00e9servation-inscription se fait sur notre site (kitesurf.be\/).<br \/>L\u2019inscription implique que le client a pris connaissance des pr\u00e9sentes conditions g\u00e9n\u00e9rales et qu\u2019il d\u00e9clare y souscrire. L\u2019initiation\/stage est \u00e0 payer au plus tard le jour m\u00eame.<\/p>\n<p>&nbsp;<\/p>\n<h4><strong>HORAIRES<\/strong><\/h4>\n<p>Les horaires des cours varient en fonction des mar\u00e9es.<br \/>Ils peuvent avoir lieu tous les jours entre 9h00 et 21h00.<\/p>\n<h4><\/h4>\n<h4><strong>LICENCE IKO KITESURF<\/strong><\/h4>\n<p>Tous les moniteurs KITESURF.BE sont affili\u00e9s \u00e0 la F\u00e9d\u00e9ration Internationale de kitesurf IKO soit entant que moniteur soit entant que stagiaire en formation (International Kitesurf Organisation). \u00c0 la fin du stage, une carte attestant du niveau de pratique est d\u00e9livr\u00e9e pour autant que le client ait rempli le formulaire d\u2019appr\u00e9ciation.<\/p>\n<p>Ce certificat est valable dans toutes les \u00e9coles IKO du monde et vous permettra de poursuivre votre apprentissage exactement au niveau auquel vous \u00eates arriv\u00e9s. Il vous permettra \u00e9galement de louer du mat\u00e9riel dans tous les centres kitesurf du monde.<\/p>\n<h4><\/h4>\n<h4><strong>CONFIRMATION \u2013 ANNULATION<\/strong><\/h4>\n<p>Les dates sont propos\u00e9es par l\u2019\u00e9cole en fonction des conditions m\u00e9t\u00e9o et du niveau des groupes.<\/p>\n<p>Les cours sont confirm\u00e9s \u00e0 l\u2019avance par SMS.<\/p>\n<p>Les annulations par le client <strong>moins de 10h avant le d\u00e9but du cours valid\u00e9<\/strong> par ce dernier ne sont pas admises. <strong>Le cours sera d\u00e8s lors consid\u00e9r\u00e9 comme pleinement accompli.<\/strong><\/p>\n<h4><\/h4>\n<h4><strong>MATERIEL<\/strong><\/h4>\n<p>KITESURF.BE propose un mat\u00e9riel adapt\u00e9 et de qualit\u00e9. Le client est responsable de tout le mat\u00e9riel qui lui sera confi\u00e9.<\/p>\n<p>La r\u00e9paration des d\u00e9g\u00e2ts qui seraient occasionn\u00e9s par le non-respect des consignes de l\u2019instructeur sera \u00e0 charge du client.<\/p>\n<h4><\/h4>\n<h4><strong>ASSURANCES<\/strong><\/h4>\n<p>Toute personne inscrite \u00e0 un stage ou cours de kite avec SURF TRAVEL AND FLY vzw sera assur\u00e9e en RESPONSABILITE CIVILE durant tout le stage\/cours. La responsabilit\u00e9 civile de SURF TRAVEL AND FLY vzw ne peut \u00eatre engag\u00e9e en dehors des heures de stage.<\/p>\n<p>Pour 10\u20ac, SURF TRAVEL AND FLY propose, en option, une formule d\u2019assurance \u00abDOMMAGES CORPORELS\u00bb pour les capitaux maximums suivants:<\/p>\n<ul>\n<li>D\u00e9c\u00e8s : 5 000 \u20ac<\/li>\n<li>Invalidit\u00e9 permanente : 12 500 \u20ac<\/li>\n<li>Frais m\u00e9dicaux : 1 500 \u20ac<\/li>\n<\/ul>\n<p>L\u2019assurance est valable uniquement pour les stage\/cours suivis dans notre \u00e9cole, de la date d\u2019inscription jusqu\u2019au 31 d\u00e9cembre de la m\u00eame ann\u00e9e.<\/p>\n<h4><\/h4>\n<h4><strong>ENGAGEMENT DES PARTICIPANTS<\/strong><\/h4>\n<p>Tout participant majeur et les parents des participants mineurs acceptent les risques li\u00e9s \u00e0 la pratique du kitesurf, buggy-kite et kite-mountainboard, snowkite et powerkite dans des conditions normales de pratique.<\/p>\n<h4><\/h4>\n<h4><strong>TARIFS<\/strong><\/h4>\n<p>Tous nos tarifs incluent une assurance en responsabilit\u00e9 civile, l\u2019utilisation du mat\u00e9riel et le moniteur.<\/p>\n<p>SURF TRAVEL AND FLY se r\u00e9serve le droit et la possibilit\u00e9 de r\u00e9\u00e9valuer les conditions et tarifs des stages \u00e0 tout moment. Tous nos tarifs sont disponibles sur notre site Internet www.kitesurf.be\/<\/p>\n<h4><\/h4>\n<h4><strong>CONDITIONS D\u2019INSCRIPTION<\/strong><\/h4>\n<p>Pour s\u2019inscrire \u00e0 un stage de kite (et plus particuli\u00e8rement de kitesurf), il est imp\u00e9ratif de savoir nager et d\u2019\u00eatre \u00e0 l\u2019aise dans le milieu marin. Il faut \u00eatre \u00e2g\u00e9 d\u2019au moins 18 ans.<\/p>\n<p>Chaque participant certifie \u00eatre en bonne condition physique pour la pratique du kite. Pour les moins de 18 ans, un accord parental est obligatoire.<\/p>\n<p>[\/et_pb_text][\/et_pb_column][\/et_pb_row][\/et_pb_section][et_pb_section fb_built=\u00a0\u00bb1&Prime; admin_label=\u00a0\u00bbFooter\u00a0\u00bb _builder_version=\u00a0\u00bb4.20.0&Prime; _module_preset=\u00a0\u00bbdefault\u00a0\u00bb background_image=\u00a0\u00bbhttps:\/\/www.kitesurf.be\/wp-content\/uploads\/2023\/03\/IMG_6187-scaled.jpg\u00a0\u00bb min_height=\u00a0\u00bb871px\u00a0\u00bb custom_padding=\u00a0\u00bb0px||||false|false\u00a0\u00bb background_last_edited=\u00a0\u00bbon|phone\u00a0\u00bb background_size_phone=\u00a0\u00bbcover\u00a0\u00bb background_position_phone=\u00a0\u00bbcenter\u00a0\u00bb background_blend_phone=\u00a0\u00bbnormal\u00a0\u00bb global_colors_info=\u00a0\u00bb{}\u00a0\u00bb][et_pb_row _builder_version=\u00a0\u00bb4.20.0&Prime; _module_preset=\u00a0\u00bbdefault\u00a0\u00bb width=\u00a0\u00bb100%\u00a0\u00bb max_width=\u00a0\u00bb100%\u00a0\u00bb custom_padding=\u00a0\u00bb0px||0px||true|false\u00a0\u00bb global_colors_info=\u00a0\u00bb{}\u00a0\u00bb][et_pb_column type=\u00a0\u00bb4_4&Prime; _builder_version=\u00a0\u00bb4.16&Prime; _module_preset=\u00a0\u00bbdefault\u00a0\u00bb global_colors_info=\u00a0\u00bb{}\u00a0\u00bb][et_pb_image src=\u00a0\u00bbhttps:\/\/www.kitesurf.be\/wp-content\/uploads\/2023\/03\/Golf-onder_V2-1.png\u00a0\u00bb title_text=\u00a0\u00bbKitesurf golf onder\u00a0\u00bb _builder_version=\u00a0\u00bb4.20.0&Prime; _module_preset=\u00a0\u00bbdefault\u00a0\u00bb custom_margin=\u00a0\u00bb||0px||false|false\u00a0\u00bb custom_padding=\u00a0\u00bb0px||||false|false\u00a0\u00bb global_colors_info=\u00a0\u00bb{}\u00a0\u00bb][\/et_pb_image][\/et_pb_column][\/et_pb_row][\/et_pb_section]<\/p>\n","protected":false},"excerpt":{"rendered":"<p>CONDITIONSDE VENTE En vous inscrivant aux stages et initiations kitesurf, powerkite, buggy-kite, mountainboard, snowkite vous reconnaissez avoir pris connaissance des pr\u00e9sentes conditions et les accepter. Le stage fait l\u2019objet d\u2019un contrat entre d\u2019une part le participant au stage d\u2019apprentissage de kite (kite-buggy, kitesurf, kite-mountainboard, snowkite) et d\u2019autre part SURF TRAVEL AND FLY VZW, l\u2019organisateur. INTRODUCTION [&hellip;]<\/p>\n","protected":false},"author":1,"featured_media":0,"parent":0,"menu_order":0,"comment_status":"closed","ping_status":"closed","template":"","meta":{"_et_pb_use_builder":"on","_et_pb_old_content":"","_et_gb_content_width":"","footnotes":""},"_links":{"self":[{"href":"https:\/\/www.kitesurf.be\/fr\/wp-json\/wp\/v2\/pages\/1260"}],"collection":[{"href":"https:\/\/www.kitesurf.be\/fr\/wp-json\/wp\/v2\/pages"}],"about":[{"href":"https:\/\/www.kitesurf.be\/fr\/wp-json\/wp\/v2\/types\/page"}],"author":[{"embeddable":true,"href":"https:\/\/www.kitesurf.be\/fr\/wp-json\/wp\/v2\/users\/1"}],"replies":[{"embeddable":true,"href":"https:\/\/www.kitesurf.be\/fr\/wp-json\/wp\/v2\/comments?post=1260"}],"version-history":[{"count":1,"href":"https:\/\/www.kitesurf.be\/fr\/wp-json\/wp\/v2\/pages\/1260\/revisions"}],"predecessor-version":[{"id":2371,"href":"https:\/\/www.kitesurf.be\/fr\/wp-json\/wp\/v2\/pages\/1260\/revisions\/2371"}],"wp:attachment":[{"href":"https:\/\/www.kitesurf.be\/fr\/wp-json\/wp\/v2\/media?parent=1260"}],"curies":[{"name":"wp","href":"https:\/\/api.w.org\/{rel}","templated":true}]}}